{"id":415,"date":"2018-11-14T17:29:38","date_gmt":"2018-11-14T16:29:38","guid":{"rendered":"https:\/\/www.europa-levage.be\/politique-de-confidentialite\/"},"modified":"2019-10-02T18:00:37","modified_gmt":"2019-10-02T16:00:37","slug":"privacy-policy","status":"publish","type":"page","link":"https:\/\/www.europa-levage.be\/en\/privacy-policy\/","title":{"rendered":"Privacy policy"},"content":{"rendered":"<div class=\"wpb-content-wrapper\"><p>[vc_row full_width=&#8221;stretch_row_content&#8221; el_class=&#8221;banner&#8221; css=&#8221;.vc_custom_1535721144277{margin-bottom: 50px !important;}&#8221;][vc_column css=&#8221;.vc_custom_1535720691190{padding-right: 0px !important;padding-left: 0px !important;}&#8221;][vc_single_image image=&#8221;125&#8243; img_size=&#8221;full&#8221; alignment=&#8221;center&#8221;][\/vc_column][\/vc_row][vc_row css=&#8221;.vc_custom_1536398770030{margin-top: 10px !important;}&#8221;][vc_column][vc_column_text]<span><span><a href=\"https:\/\/europa-levage.hr5.produdev.be\/en\/accueil\/\">Home<\/a><\/span><\/span>[\/vc_column_text][\/vc_column][\/vc_row][vc_row][vc_column][vc_column_text]<\/p>\n<h1>Politique de confidentialit\u00e9<\/h1>\n<p>[\/vc_column_text][vc_column_text]Conform\u00e9ment au r\u00e8glement g\u00e9n\u00e9ral sur la protection des donn\u00e9es \u00e0 caract\u00e8re personnel, nous informons nos clients que leurs donn\u00e9es, \u00e0 savoir\u00a0: nom, pr\u00e9nom, t\u00e9l\u00e9phone, t\u00e9l\u00e9fax, adresse mail, adresse postale, nr de TVA, sont enregistr\u00e9es de mani\u00e8re s\u00e9curis\u00e9e et ne sont trait\u00e9es que dans le cadre de l\u2019ex\u00e9cution des contrats conclus avec notre entreprise.<\/p>\n<p>Lorsque le contrat prend fin, ces donn\u00e9es sont conserv\u00e9es pendant une dur\u00e9e maximale de 30 ans.<br \/>\nCes donn\u00e9es ne sont pas transmises \u00e0 des tiers.<br \/>\nLe d\u00e9l\u00e9gu\u00e9 \u00e0 la gestion des donn\u00e9es \u00e0 caract\u00e8re personnel de notre entreprise est\u00a0: Monsieur Bernard ROUSSEAU.<\/p>\n<p>Conform\u00e9ment \u00e0 la l\u00e9gislation, le client a :<br \/>\n-le droit d\u2019acc\u00e9der et de rectifier ou d\u2019effacer toutes donn\u00e9es \u00e0 caract\u00e8re personnel le concernant ou de restreindre le traitement le concernant;<br \/>\n&#8211; le droit \u00e0 la portabilit\u00e9 des donn\u00e9es,<br \/>\n&#8211; le droit de retirer son consentement \u00e0 tout moment;<br \/>\n-le droit d\u2019introduire une plainte \u00e0 l\u2019autorit\u00e9 de contr\u00f4le (infra)\u00a0;<br \/>\n-le droit de s\u2019opposer, gratuitement, au traitement de ses donn\u00e9es \u00e0 caract\u00e8re personnel envisag\u00e9 \u00e0 des fins de marketing direct.<\/p>\n<p>En vue d\u2019exercer les droits \u00e9nonc\u00e9s ci-dessus, la personne concern\u00e9e envoie gratuitement une demande \u00e9crite par courriel \u00e0 l\u2019adresse \u00e9lectronique suivante <a href=\"mailto:info@europa-levage.be\">info@europa-levage.be<\/a> . Cette demande doit \u00eatre accompagn\u00e9e d\u2019une photocopie recto verso de sa carte d\u2019identit\u00e9 et s\u2019il s\u2019agit d\u2019une soci\u00e9t\u00e9 d\u2019un extrait du moniteur belge prouvant la qualit\u00e9 de mandataire du demandeur.<\/p>\n<p>Une r\u00e9clamation concernant les donn\u00e9es \u00e0 caract\u00e8re personnel peut \u00eatre introduite devant l\u2019Autorit\u00e9 \u00e0 la Protection des donn\u00e9es (anciennement Commission de la protection de la vie priv\u00e9e), Rue de la Presse, 35, 1000 Bruxelles T\u00e9l\u00a0: \u00a0+32 (0)2 274 48 00 fax\u00a0: 32 (0)2 274 48 35 Email\u00a0: <a href=\"mailto:contact@apd-gba.be\">contact(at)apd-gba.be<\/a>.<\/p>\n<p><a href=\"https:\/\/www.europa-levage.be\/files\/uploads\/2019\/01\/Europa_Levage-Conditions_generales.pdf\" target=\"_blank\" rel=\"noopener noreferrer\">Conditions g\u00e9n\u00e9rales<\/a>[\/vc_column_text][\/vc_column][\/vc_row]<\/p>\n<\/div>","protected":false},"excerpt":{"rendered":"<p>[vc_row full_width=&#8221;stretch_row_content&#8221; el_class=&#8221;banner&#8221; css=&#8221;.vc_custom_1535721144277{margin-bottom: 50px !important;}&#8221;][vc_column css=&#8221;.vc_custom_1535720691190{padding-right: 0px !important;padding-left: 0px !important;}&#8221;][vc_single_image image=&#8221;125&#8243; img_size=&#8221;full&#8221; alignment=&#8221;center&#8221;][\/vc_column][\/vc_row][vc_row css=&#8221;.vc_custom_1536398770030{margin-top: 10px !important;}&#8221;][vc_column][vc_column_text][\/vc_column_text][\/vc_column][\/vc_row][vc_row][vc_column][vc_column_text] Politique de confidentialit\u00e9\u2026<\/p>\n","protected":false},"author":3,"featured_media":0,"parent":0,"menu_order":47,"comment_status":"closed","ping_status":"closed","template":"","meta":{"footnotes":""},"class_list":["post-415","page","type-page","status-publish","hentry"],"yoast_head":"<!-- This site is optimized with the Yoast SEO plugin v26.9 - https:\/\/yoast.com\/product\/yoast-seo-wordpress\/ -->\n<title>Privacy policy | Europa Levage<\/title>\n<meta name=\"robots\" content=\"index, follow, max-snippet:-1, max-image-preview:large, max-video-preview:-1\" \/>\n<link rel=\"canonical\" href=\"https:\/\/www.europa-levage.be\/en\/privacy-policy\/\" \/>\n<meta property=\"og:locale\" content=\"en_US\" \/>\n<meta property=\"og:type\" content=\"article\" \/>\n<meta property=\"og:title\" content=\"Privacy policy | Europa Levage\" \/>\n<meta property=\"og:description\" content=\"[vc_row full_width=&#8221;stretch_row_content&#8221; el_class=&#8221;banner&#8221; css=&#8221;.vc_custom_1535721144277{margin-bottom: 50px !important;}&#8221;][vc_column css=&#8221;.vc_custom_1535720691190{padding-right: 0px !important;padding-left: 0px !important;}&#8221;][vc_single_image image=&#8221;125&#8243; img_size=&#8221;full&#8221; alignment=&#8221;center&#8221;][\/vc_column][\/vc_row][vc_row css=&#8221;.vc_custom_1536398770030{margin-top: 10px !important;}&#8221;][vc_column][vc_column_text][\/vc_column_text][\/vc_column][\/vc_row][vc_row][vc_column][vc_column_text] Politique de confidentialit\u00e9\u2026\" \/>\n<meta property=\"og:url\" content=\"https:\/\/www.europa-levage.be\/en\/privacy-policy\/\" \/>\n<meta property=\"og:site_name\" content=\"Europa Levage\" \/>\n<meta property=\"article:modified_time\" content=\"2019-10-02T16:00:37+00:00\" \/>\n<meta property=\"og:image\" content=\"https:\/\/www.europa-levage.be\/files\/uploads\/2018\/08\/hpim1697-e1535711277532.jpg\" \/>\n\t<meta property=\"og:image:width\" content=\"2576\" \/>\n\t<meta property=\"og:image:height\" content=\"1713\" \/>\n\t<meta property=\"og:image:type\" content=\"image\/jpeg\" \/>\n<meta name=\"twitter:card\" content=\"summary_large_image\" \/>\n<meta name=\"twitter:label1\" content=\"Est. reading time\" \/>\n\t<meta name=\"twitter:data1\" content=\"2 minutes\" \/>\n<script type=\"application\/ld+json\" class=\"yoast-schema-graph\">{\"@context\":\"https:\/\/schema.org\",\"@graph\":[{\"@type\":\"WebPage\",\"@id\":\"https:\/\/www.europa-levage.be\/en\/privacy-policy\/\",\"url\":\"https:\/\/www.europa-levage.be\/en\/privacy-policy\/\",\"name\":\"Privacy policy | Europa Levage\",\"isPartOf\":{\"@id\":\"https:\/\/europa-levage.hr5.produdev.be\/#website\"},\"datePublished\":\"2018-11-14T16:29:38+00:00\",\"dateModified\":\"2019-10-02T16:00:37+00:00\",\"breadcrumb\":{\"@id\":\"https:\/\/www.europa-levage.be\/en\/privacy-policy\/#breadcrumb\"},\"inLanguage\":\"en-US\",\"potentialAction\":[{\"@type\":\"ReadAction\",\"target\":[\"https:\/\/www.europa-levage.be\/en\/privacy-policy\/\"]}]},{\"@type\":\"BreadcrumbList\",\"@id\":\"https:\/\/www.europa-levage.be\/en\/privacy-policy\/#breadcrumb\",\"itemListElement\":[{\"@type\":\"ListItem\",\"position\":1,\"name\":\"Home\",\"item\":\"https:\/\/europa-levage.hr5.produdev.be\/en\/accueil\/\"},{\"@type\":\"ListItem\",\"position\":2,\"name\":\"Privacy policy\"}]},{\"@type\":\"WebSite\",\"@id\":\"https:\/\/europa-levage.hr5.produdev.be\/#website\",\"url\":\"https:\/\/europa-levage.hr5.produdev.be\/\",\"name\":\"Europa Levage\",\"description\":\"\",\"publisher\":{\"@id\":\"https:\/\/europa-levage.hr5.produdev.be\/#organization\"},\"potentialAction\":[{\"@type\":\"SearchAction\",\"target\":{\"@type\":\"EntryPoint\",\"urlTemplate\":\"https:\/\/europa-levage.hr5.produdev.be\/?s={search_term_string}\"},\"query-input\":{\"@type\":\"PropertyValueSpecification\",\"valueRequired\":true,\"valueName\":\"search_term_string\"}}],\"inLanguage\":\"en-US\"},{\"@type\":\"Organization\",\"@id\":\"https:\/\/europa-levage.hr5.produdev.be\/#organization\",\"name\":\"Europa Levage\",\"url\":\"https:\/\/europa-levage.hr5.produdev.be\/\",\"logo\":{\"@type\":\"ImageObject\",\"inLanguage\":\"en-US\",\"@id\":\"https:\/\/europa-levage.hr5.produdev.be\/#\/schema\/logo\/image\/\",\"url\":\"https:\/\/www.europa-levage.be\/files\/uploads\/2018\/09\/europa-levage-logo.png\",\"contentUrl\":\"https:\/\/www.europa-levage.be\/files\/uploads\/2018\/09\/europa-levage-logo.png\",\"width\":390,\"height\":90,\"caption\":\"Europa Levage\"},\"image\":{\"@id\":\"https:\/\/europa-levage.hr5.produdev.be\/#\/schema\/logo\/image\/\"}}]}<\/script>\n<!-- \/ Yoast SEO plugin. -->","yoast_head_json":{"title":"Privacy policy | Europa Levage","robots":{"index":"index","follow":"follow","max-snippet":"max-snippet:-1","max-image-preview":"max-image-preview:large","max-video-preview":"max-video-preview:-1"},"canonical":"https:\/\/www.europa-levage.be\/en\/privacy-policy\/","og_locale":"en_US","og_type":"article","og_title":"Privacy policy | Europa Levage","og_description":"[vc_row full_width=&#8221;stretch_row_content&#8221; el_class=&#8221;banner&#8221; css=&#8221;.vc_custom_1535721144277{margin-bottom: 50px !important;}&#8221;][vc_column css=&#8221;.vc_custom_1535720691190{padding-right: 0px !important;padding-left: 0px !important;}&#8221;][vc_single_image image=&#8221;125&#8243; img_size=&#8221;full&#8221; alignment=&#8221;center&#8221;][\/vc_column][\/vc_row][vc_row css=&#8221;.vc_custom_1536398770030{margin-top: 10px !important;}&#8221;][vc_column][vc_column_text][\/vc_column_text][\/vc_column][\/vc_row][vc_row][vc_column][vc_column_text] Politique de confidentialit\u00e9\u2026","og_url":"https:\/\/www.europa-levage.be\/en\/privacy-policy\/","og_site_name":"Europa Levage","article_modified_time":"2019-10-02T16:00:37+00:00","og_image":[{"width":2576,"height":1713,"url":"https:\/\/www.europa-levage.be\/files\/uploads\/2018\/08\/hpim1697-e1535711277532.jpg","type":"image\/jpeg"}],"twitter_card":"summary_large_image","twitter_misc":{"Est. reading time":"2 minutes"},"schema":{"@context":"https:\/\/schema.org","@graph":[{"@type":"WebPage","@id":"https:\/\/www.europa-levage.be\/en\/privacy-policy\/","url":"https:\/\/www.europa-levage.be\/en\/privacy-policy\/","name":"Privacy policy | Europa Levage","isPartOf":{"@id":"https:\/\/europa-levage.hr5.produdev.be\/#website"},"datePublished":"2018-11-14T16:29:38+00:00","dateModified":"2019-10-02T16:00:37+00:00","breadcrumb":{"@id":"https:\/\/www.europa-levage.be\/en\/privacy-policy\/#breadcrumb"},"inLanguage":"en-US","potentialAction":[{"@type":"ReadAction","target":["https:\/\/www.europa-levage.be\/en\/privacy-policy\/"]}]},{"@type":"BreadcrumbList","@id":"https:\/\/www.europa-levage.be\/en\/privacy-policy\/#breadcrumb","itemListElement":[{"@type":"ListItem","position":1,"name":"Home","item":"https:\/\/europa-levage.hr5.produdev.be\/en\/accueil\/"},{"@type":"ListItem","position":2,"name":"Privacy policy"}]},{"@type":"WebSite","@id":"https:\/\/europa-levage.hr5.produdev.be\/#website","url":"https:\/\/europa-levage.hr5.produdev.be\/","name":"Europa Levage","description":"","publisher":{"@id":"https:\/\/europa-levage.hr5.produdev.be\/#organization"},"potentialAction":[{"@type":"SearchAction","target":{"@type":"EntryPoint","urlTemplate":"https:\/\/europa-levage.hr5.produdev.be\/?s={search_term_string}"},"query-input":{"@type":"PropertyValueSpecification","valueRequired":true,"valueName":"search_term_string"}}],"inLanguage":"en-US"},{"@type":"Organization","@id":"https:\/\/europa-levage.hr5.produdev.be\/#organization","name":"Europa Levage","url":"https:\/\/europa-levage.hr5.produdev.be\/","logo":{"@type":"ImageObject","inLanguage":"en-US","@id":"https:\/\/europa-levage.hr5.produdev.be\/#\/schema\/logo\/image\/","url":"https:\/\/www.europa-levage.be\/files\/uploads\/2018\/09\/europa-levage-logo.png","contentUrl":"https:\/\/www.europa-levage.be\/files\/uploads\/2018\/09\/europa-levage-logo.png","width":390,"height":90,"caption":"Europa Levage"},"image":{"@id":"https:\/\/europa-levage.hr5.produdev.be\/#\/schema\/logo\/image\/"}}]}},"_links":{"self":[{"href":"https:\/\/www.europa-levage.be\/en\/wp-json\/wp\/v2\/pages\/415","targetHints":{"allow":["GET"]}}],"collection":[{"href":"https:\/\/www.europa-levage.be\/en\/wp-json\/wp\/v2\/pages"}],"about":[{"href":"https:\/\/www.europa-levage.be\/en\/wp-json\/wp\/v2\/types\/page"}],"author":[{"embeddable":true,"href":"https:\/\/www.europa-levage.be\/en\/wp-json\/wp\/v2\/users\/3"}],"replies":[{"embeddable":true,"href":"https:\/\/www.europa-levage.be\/en\/wp-json\/wp\/v2\/comments?post=415"}],"version-history":[{"count":0,"href":"https:\/\/www.europa-levage.be\/en\/wp-json\/wp\/v2\/pages\/415\/revisions"}],"wp:attachment":[{"href":"https:\/\/www.europa-levage.be\/en\/wp-json\/wp\/v2\/media?parent=415"}],"curies":[{"name":"wp","href":"https:\/\/api.w.org\/{rel}","templated":true}]}}